{"id":5139,"date":"2024-02-06T11:22:29","date_gmt":"2024-02-06T09:22:29","guid":{"rendered":"https:\/\/sidewalkmystery.dk\/dunkle-geheimnisse-1\/"},"modified":"2025-11-02T11:36:43","modified_gmt":"2025-11-02T09:36:43","slug":"dunkle-geheimnisse-1","status":"publish","type":"page","link":"https:\/\/sidewalkmystery.dk\/de\/quiz-und-mini-raetsel\/dunkle-geheimnisse-1\/","title":{"rendered":"Dunkle Geheimnisse 1"},"content":{"rendered":"\n<h2 class=\"wp-block-heading\">Das Originalspiel Dark Mysteries, das die Spieler in einen Sumpf voller bizarrer Geheimnisse, Unf\u00e4lle, Verbrechen und Morde st\u00fcrzt<\/h2>\n\n\n\n<div class=\"wp-block-columns is-layout-flex wp-container-core-columns-is-layout-9d6595d7 wp-block-columns-is-layout-flex\">\n<div class=\"wp-block-column is-layout-flow wp-block-column-is-layout-flow\" style=\"flex-basis:66.66%\">\n<h3 class=\"wp-block-heading\">In Dark Mysteries 1 werden Sie auf R\u00e4tsel sto\u00dfen wie:  <\/h3>\n\n\n\n<p>- Ein Mann \u00f6ffnet einen Brief, liest ihn und begeht dann Selbstmord.<br>oder<br>- Ein Mann geht ohne seinen gro\u00dfen Regenschirm in den Regen hinaus und f\u00e4llt kurz darauf tot um.<\/p>\n\n\n\n<h3 class=\"wp-block-heading\">Die Frage ist: Was ist wirklich passiert?<\/h3>\n\n\n\n<p>Ein Teilnehmer wird zum Spielleiter ernannt und ist f\u00fcr die Leitung des Spiels verantwortlich, indem er die R\u00e4tsel vorliest. Die anderen Teilnehmer sind Ermittler und m\u00fcssen versuchen, die R\u00e4tsel in den Dunklen Geheimnissen zu l\u00f6sen und herauszufinden, was wirklich passiert ist. <\/p>\n\n\n\n<p>Die Ermittler k\u00f6nnen dem Spielleiter Fragen stellen, die dieser nur mit &#8222;Ja&#8220; oder &#8222;Nein&#8220; beantworten kann.<\/p>\n\n\n\n<p>Wenn der Spielleiter Fragen erh\u00e4lt, die nicht mit &#8222;Ja&#8220; oder &#8222;Nein&#8220; beantwortet werden k\u00f6nnen, liegt es in seinem Ermessen, ob er den Ermittlern Hilfe anbietet.<\/p>\n\n\n\n<p>Zum Beispiel kann es helfen, wenn Sie ihnen sagen, dass die Frage irrelevant ist, oder sie diskret auf ein Detail hinweisen, das die Ermittler \u00fcberh\u00f6rt oder falsch verstanden haben.<\/p>\n\n\n\n<p>Es m\u00fcssen nicht unbedingt kriminelle Kr\u00e4fte hinter den dunklen Geheimnissen stecken. Aber oft sind es welche, auch wenn es auch nat\u00fcrliche Todesf\u00e4lle und Unf\u00e4lle gibt. <\/p>\n\n\n\n<h4 class=\"wp-block-heading\">Der Spielleiter hat immer Recht - Punkt!<\/h4>\n\n\n\n<p>Der Spielleiter entscheidet letztlich dar\u00fcber, ob die Ermittler der wahren Geschichte nahe genug gekommen sind und das R\u00e4tsel gel\u00f6st haben.<\/p>\n\n\n\n<p>Die Rolle des Spielleiters kann zwischen den Teilnehmern gewechselt werden.<\/p>\n\n\n\n<p>Das Spiel enth\u00e4lt mehr als 50 R\u00e4tsel, die bei jedem Start einer neuen Spielrunde in zuf\u00e4lliger Reihenfolge aufgegriffen werden.<\/p>\n<\/div>\n\n\n\n<div class=\"wp-block-column is-layout-flow wp-block-column-is-layout-flow\" style=\"flex-basis:33.33%\">\n<h6 class=\"wp-block-heading\">Wie man Dark Mysteries spielt<\/h6>\n\n\n\n<p>Dark Mysteries wird direkt auf Ihrem Mobiltelefon oder Tablet gespielt, indem Sie einen QR-Code scannen und einen Spielcode eingeben.<\/p>\n\n\n\n<p>Sobald die Zahlung abgeschlossen ist, werden der Game Guide, der QR-Code und der Spielcode zum Einloggen zusammen mit der Quittung f\u00fcr den Kauf per E-Mail versandt.<\/p>\n\n\n\n<h6 class=\"wp-block-heading\">TEAMGR\u00d6SSE: 2-50<br>ALTERSGRUPPE: 12 -100 JAHRE<br>DAUER: 2 - 250 MINUTEN<\/h6>\n\n\n\n<p><\/p>\n\n\n\n<h6 class=\"wp-block-heading\">SPRACHE: D\u00c4NISCH <img decoding=\"async\" width=\"18\" height=\"12\" class=\"wp-image-1110\" style=\"width: 18px;\" src=\"https:\/\/sidewalkmystery.dk\/wp-content\/uploads\/2023\/06\/da.svg\" alt=\"\"><br>Spielen Sie ein ganzes Jahr lang (50 Logins)<\/h6>\n\n\n<p class=\"product woocommerce add_to_cart_inline \" style=\"border:4px solid #ccc; padding: 12px;\"><span class=\"woocommerce-Price-amount amount\"><bdi>119,00&nbsp;<span class=\"woocommerce-Price-currencySymbol\">kr.<\/span><\/bdi><\/span> <small class=\"woocommerce-price-suffix\">Inkl. M\u00fctter   <\/small><a href=\"\/de\/wp-json\/wp\/v2\/pages\/5139?add-to-cart=3052\" aria-describedby=\"woocommerce_loop_add_to_cart_link_describedby_3052\" data-quantity=\"1\" class=\"button product_type_simple add_to_cart_button ajax_add_to_cart\" data-product_id=\"3052\" data-product_sku=\"\" aria-label=\"In den Warenkorb legen: \u201eM\u00f8rke Mysterier 1 - Et \u00e5r - 50 x login\u201c\" rel=\"nofollow\" data-success_message=\"&quot;M\u00f8rke Mysterier 1 - Et \u00e5r - 50 x login&quot; wurde Ihrem Warenkorb hinzugef\u00fcgt.\">Jetzt kaufen<\/a>\t<span id=\"woocommerce_loop_add_to_cart_link_describedby_3052\" class=\"screen-reader-text\">\n\t\t\t<\/span>\n<\/p>\n\n\n\n<p>Der Spielzeitraum beginnt mit der ersten Anmeldung.<\/p>\n\n\n\n<p>Ein Login ist mit dem Ger\u00e4t verkn\u00fcpft, von dem aus Sie sich einloggen, und gibt Ihnen freien Zugang zu allen Runden, die Sie in den folgenden 24 Stunden spielen m\u00f6chten.  <\/p>\n\n\n\n<p>Das Spiel ist kompatibel mit Android\/iPhone\/iPad Version 6 oder h\u00f6her.<\/p>\n<\/div>\n<\/div>\n","protected":false},"excerpt":{"rendered":"<p>Das Originalspiel Dark Mysteries, das die Spieler in einen Sumpf voller bizarrer Geheimnisse, Unf\u00e4lle, Verbrechen und Morde st\u00fcrzt In Dark Mysteries 1 werden Sie auf R\u00e4tsel sto\u00dfen wie: - Ein Mann \u00f6ffnet einen Brief, liest ihn und begeht dann Selbstmord.oder- Ein Mann geht ohne seinen gro\u00dfen Regenschirm in den Regen hinaus und f\u00e4llt kurz darauf [&hellip;]<\/p>\n","protected":false},"author":5,"featured_media":5141,"parent":5156,"menu_order":0,"comment_status":"closed","ping_status":"closed","template":"","meta":{"_themeisle_gutenberg_block_has_review":false,"footnotes":""},"categories":[83,82],"tags":[],"class_list":["post-5139","page","type-page","status-publish","has-post-thumbnail","hentry","category-minimastery-de","category-quiz-de"],"yoast_head":"<!-- This site is optimized with the Yoast SEO plugin v27.5 - https:\/\/yoast.com\/product\/yoast-seo-wordpress\/ -->\n<title>Dunkle Geheimnisse 1 - Sidewalk Mystery<\/title>\n<meta name=\"description\" content=\"Das R\u00e4tselspiel Dark Mysteries st\u00fcrzt die Spieler in einen Sumpf aus seltsamen Unf\u00e4llen, schrecklichen Verbrechen und mysteri\u00f6sen Morden. Perfekt f\u00fcr einen Abend mit Freunden\" \/>\n<meta name=\"robots\" content=\"index, follow, max-snippet:-1, max-image-preview:large, max-video-preview:-1\" \/>\n<link rel=\"canonical\" href=\"https:\/\/sidewalkmystery.dk\/de\/quiz-und-mini-raetsel\/dunkle-geheimnisse-1\/\" \/>\n<meta property=\"og:locale\" content=\"de_DE\" \/>\n<meta property=\"og:type\" content=\"article\" \/>\n<meta property=\"og:title\" content=\"Dunkle Geheimnisse 1 - Sidewalk Mystery\" \/>\n<meta property=\"og:description\" content=\"Das R\u00e4tselspiel Dark Mysteries st\u00fcrzt die Spieler in einen Sumpf aus seltsamen Unf\u00e4llen, schrecklichen Verbrechen und mysteri\u00f6sen Morden. Perfekt f\u00fcr einen Abend mit Freunden\" \/>\n<meta property=\"og:url\" content=\"https:\/\/sidewalkmystery.dk\/de\/quiz-und-mini-raetsel\/dunkle-geheimnisse-1\/\" \/>\n<meta property=\"og:site_name\" content=\"Sidewalk Mystery\" \/>\n<meta property=\"article:publisher\" content=\"https:\/\/www.facebook.com\/people\/Sidewalk-Mystery\/100093298703242\/\" \/>\n<meta property=\"article:modified_time\" content=\"2025-11-02T09:36:43+00:00\" \/>\n<meta property=\"og:image\" content=\"https:\/\/sidewalkmystery.dk\/wp-content\/uploads\/2024\/08\/Moerke-Mysterier-1.webp\" \/>\n\t<meta property=\"og:image:width\" content=\"1024\" \/>\n\t<meta property=\"og:image:height\" content=\"423\" \/>\n\t<meta property=\"og:image:type\" content=\"image\/webp\" \/>\n<meta name=\"twitter:card\" content=\"summary_large_image\" \/>\n<script type=\"application\/ld+json\" class=\"yoast-schema-graph\">{\"@context\":\"https:\\\/\\\/schema.org\",\"@graph\":[{\"@type\":\"WebPage\",\"@id\":\"https:\\\/\\\/sidewalkmystery.dk\\\/de\\\/quiz-und-mini-raetsel\\\/dunkle-geheimnisse-1\\\/\",\"url\":\"https:\\\/\\\/sidewalkmystery.dk\\\/de\\\/quiz-und-mini-raetsel\\\/dunkle-geheimnisse-1\\\/\",\"name\":\"Dunkle Geheimnisse 1 - Sidewalk Mystery\",\"isPartOf\":{\"@id\":\"https:\\\/\\\/sidewalkmystery.dk\\\/de\\\/#website\"},\"primaryImageOfPage\":{\"@id\":\"https:\\\/\\\/sidewalkmystery.dk\\\/de\\\/quiz-und-mini-raetsel\\\/dunkle-geheimnisse-1\\\/#primaryimage\"},\"image\":{\"@id\":\"https:\\\/\\\/sidewalkmystery.dk\\\/de\\\/quiz-und-mini-raetsel\\\/dunkle-geheimnisse-1\\\/#primaryimage\"},\"thumbnailUrl\":\"https:\\\/\\\/sidewalkmystery.dk\\\/wp-content\\\/uploads\\\/2024\\\/08\\\/Moerke-Mysterier-1.webp\",\"datePublished\":\"2024-02-06T09:22:29+00:00\",\"dateModified\":\"2025-11-02T09:36:43+00:00\",\"description\":\"Das R\u00e4tselspiel Dark Mysteries st\u00fcrzt die Spieler in einen Sumpf aus seltsamen Unf\u00e4llen, schrecklichen Verbrechen und mysteri\u00f6sen Morden. Perfekt f\u00fcr einen Abend mit Freunden\",\"breadcrumb\":{\"@id\":\"https:\\\/\\\/sidewalkmystery.dk\\\/de\\\/quiz-und-mini-raetsel\\\/dunkle-geheimnisse-1\\\/#breadcrumb\"},\"inLanguage\":\"de\",\"potentialAction\":[{\"@type\":\"ReadAction\",\"target\":[\"https:\\\/\\\/sidewalkmystery.dk\\\/de\\\/quiz-und-mini-raetsel\\\/dunkle-geheimnisse-1\\\/\"]}]},{\"@type\":\"ImageObject\",\"inLanguage\":\"de\",\"@id\":\"https:\\\/\\\/sidewalkmystery.dk\\\/de\\\/quiz-und-mini-raetsel\\\/dunkle-geheimnisse-1\\\/#primaryimage\",\"url\":\"https:\\\/\\\/sidewalkmystery.dk\\\/wp-content\\\/uploads\\\/2024\\\/08\\\/Moerke-Mysterier-1.webp\",\"contentUrl\":\"https:\\\/\\\/sidewalkmystery.dk\\\/wp-content\\\/uploads\\\/2024\\\/08\\\/Moerke-Mysterier-1.webp\",\"width\":1024,\"height\":423},{\"@type\":\"BreadcrumbList\",\"@id\":\"https:\\\/\\\/sidewalkmystery.dk\\\/de\\\/quiz-und-mini-raetsel\\\/dunkle-geheimnisse-1\\\/#breadcrumb\",\"itemListElement\":[{\"@type\":\"ListItem\",\"position\":1,\"name\":\"Home\",\"item\":\"https:\\\/\\\/sidewalkmystery.dk\\\/de\\\/5261-2\\\/\"},{\"@type\":\"ListItem\",\"position\":2,\"name\":\"Quiz und Mini-R\u00e4tsel\",\"item\":\"https:\\\/\\\/sidewalkmystery.dk\\\/de\\\/quiz-und-mini-raetsel\\\/\"},{\"@type\":\"ListItem\",\"position\":3,\"name\":\"Dunkle Geheimnisse 1\"}]},{\"@type\":\"WebSite\",\"@id\":\"https:\\\/\\\/sidewalkmystery.dk\\\/de\\\/#website\",\"url\":\"https:\\\/\\\/sidewalkmystery.dk\\\/de\\\/\",\"name\":\"Sidewalk Mystery\",\"description\":\"- tr\u00e6d ind i historien.\",\"publisher\":{\"@id\":\"https:\\\/\\\/sidewalkmystery.dk\\\/de\\\/#organization\"},\"potentialAction\":[{\"@type\":\"SearchAction\",\"target\":{\"@type\":\"EntryPoint\",\"urlTemplate\":\"https:\\\/\\\/sidewalkmystery.dk\\\/de\\\/?s={search_term_string}\"},\"query-input\":{\"@type\":\"PropertyValueSpecification\",\"valueRequired\":true,\"valueName\":\"search_term_string\"}}],\"inLanguage\":\"de\"},{\"@type\":\"Organization\",\"@id\":\"https:\\\/\\\/sidewalkmystery.dk\\\/de\\\/#organization\",\"name\":\"Das Geheimnis des B\u00fcrgersteigs\",\"url\":\"https:\\\/\\\/sidewalkmystery.dk\\\/de\\\/\",\"logo\":{\"@type\":\"ImageObject\",\"inLanguage\":\"de\",\"@id\":\"https:\\\/\\\/sidewalkmystery.dk\\\/de\\\/#\\\/schema\\\/logo\\\/image\\\/\",\"url\":\"https:\\\/\\\/sidewalkmystery.dk\\\/wp-content\\\/uploads\\\/2024\\\/10\\\/Sidewalk-Mystery-1-1-696.webp\",\"contentUrl\":\"https:\\\/\\\/sidewalkmystery.dk\\\/wp-content\\\/uploads\\\/2024\\\/10\\\/Sidewalk-Mystery-1-1-696.webp\",\"width\":696,\"height\":695,\"caption\":\"Das Geheimnis des B\u00fcrgersteigs\"},\"image\":{\"@id\":\"https:\\\/\\\/sidewalkmystery.dk\\\/de\\\/#\\\/schema\\\/logo\\\/image\\\/\"},\"sameAs\":[\"https:\\\/\\\/www.facebook.com\\\/people\\\/Sidewalk-Mystery\\\/100093298703242\\\/\",\"https:\\\/\\\/www.instagram.com\\\/sidewalkmystery\\\/\"]}]}<\/script>\n<!-- \/ Yoast SEO plugin. -->","yoast_head_json":{"title":"Dunkle Geheimnisse 1 - Sidewalk Mystery","description":"Das R\u00e4tselspiel Dark Mysteries st\u00fcrzt die Spieler in einen Sumpf aus seltsamen Unf\u00e4llen, schrecklichen Verbrechen und mysteri\u00f6sen Morden. Perfekt f\u00fcr einen Abend mit Freunden","robots":{"index":"index","follow":"follow","max-snippet":"max-snippet:-1","max-image-preview":"max-image-preview:large","max-video-preview":"max-video-preview:-1"},"canonical":"https:\/\/sidewalkmystery.dk\/de\/quiz-und-mini-raetsel\/dunkle-geheimnisse-1\/","og_locale":"de_DE","og_type":"article","og_title":"Dunkle Geheimnisse 1 - Sidewalk Mystery","og_description":"Das R\u00e4tselspiel Dark Mysteries st\u00fcrzt die Spieler in einen Sumpf aus seltsamen Unf\u00e4llen, schrecklichen Verbrechen und mysteri\u00f6sen Morden. Perfekt f\u00fcr einen Abend mit Freunden","og_url":"https:\/\/sidewalkmystery.dk\/de\/quiz-und-mini-raetsel\/dunkle-geheimnisse-1\/","og_site_name":"Sidewalk Mystery","article_publisher":"https:\/\/www.facebook.com\/people\/Sidewalk-Mystery\/100093298703242\/","article_modified_time":"2025-11-02T09:36:43+00:00","og_image":[{"width":1024,"height":423,"url":"https:\/\/sidewalkmystery.dk\/wp-content\/uploads\/2024\/08\/Moerke-Mysterier-1.webp","type":"image\/webp"}],"twitter_card":"summary_large_image","schema":{"@context":"https:\/\/schema.org","@graph":[{"@type":"WebPage","@id":"https:\/\/sidewalkmystery.dk\/de\/quiz-und-mini-raetsel\/dunkle-geheimnisse-1\/","url":"https:\/\/sidewalkmystery.dk\/de\/quiz-und-mini-raetsel\/dunkle-geheimnisse-1\/","name":"Dunkle Geheimnisse 1 - Sidewalk Mystery","isPartOf":{"@id":"https:\/\/sidewalkmystery.dk\/de\/#website"},"primaryImageOfPage":{"@id":"https:\/\/sidewalkmystery.dk\/de\/quiz-und-mini-raetsel\/dunkle-geheimnisse-1\/#primaryimage"},"image":{"@id":"https:\/\/sidewalkmystery.dk\/de\/quiz-und-mini-raetsel\/dunkle-geheimnisse-1\/#primaryimage"},"thumbnailUrl":"https:\/\/sidewalkmystery.dk\/wp-content\/uploads\/2024\/08\/Moerke-Mysterier-1.webp","datePublished":"2024-02-06T09:22:29+00:00","dateModified":"2025-11-02T09:36:43+00:00","description":"Das R\u00e4tselspiel Dark Mysteries st\u00fcrzt die Spieler in einen Sumpf aus seltsamen Unf\u00e4llen, schrecklichen Verbrechen und mysteri\u00f6sen Morden. Perfekt f\u00fcr einen Abend mit Freunden","breadcrumb":{"@id":"https:\/\/sidewalkmystery.dk\/de\/quiz-und-mini-raetsel\/dunkle-geheimnisse-1\/#breadcrumb"},"inLanguage":"de","potentialAction":[{"@type":"ReadAction","target":["https:\/\/sidewalkmystery.dk\/de\/quiz-und-mini-raetsel\/dunkle-geheimnisse-1\/"]}]},{"@type":"ImageObject","inLanguage":"de","@id":"https:\/\/sidewalkmystery.dk\/de\/quiz-und-mini-raetsel\/dunkle-geheimnisse-1\/#primaryimage","url":"https:\/\/sidewalkmystery.dk\/wp-content\/uploads\/2024\/08\/Moerke-Mysterier-1.webp","contentUrl":"https:\/\/sidewalkmystery.dk\/wp-content\/uploads\/2024\/08\/Moerke-Mysterier-1.webp","width":1024,"height":423},{"@type":"BreadcrumbList","@id":"https:\/\/sidewalkmystery.dk\/de\/quiz-und-mini-raetsel\/dunkle-geheimnisse-1\/#breadcrumb","itemListElement":[{"@type":"ListItem","position":1,"name":"Home","item":"https:\/\/sidewalkmystery.dk\/de\/5261-2\/"},{"@type":"ListItem","position":2,"name":"Quiz und Mini-R\u00e4tsel","item":"https:\/\/sidewalkmystery.dk\/de\/quiz-und-mini-raetsel\/"},{"@type":"ListItem","position":3,"name":"Dunkle Geheimnisse 1"}]},{"@type":"WebSite","@id":"https:\/\/sidewalkmystery.dk\/de\/#website","url":"https:\/\/sidewalkmystery.dk\/de\/","name":"Sidewalk Mystery","description":"- tr\u00e6d ind i historien.","publisher":{"@id":"https:\/\/sidewalkmystery.dk\/de\/#organization"},"potentialAction":[{"@type":"SearchAction","target":{"@type":"EntryPoint","urlTemplate":"https:\/\/sidewalkmystery.dk\/de\/?s={search_term_string}"},"query-input":{"@type":"PropertyValueSpecification","valueRequired":true,"valueName":"search_term_string"}}],"inLanguage":"de"},{"@type":"Organization","@id":"https:\/\/sidewalkmystery.dk\/de\/#organization","name":"Das Geheimnis des B\u00fcrgersteigs","url":"https:\/\/sidewalkmystery.dk\/de\/","logo":{"@type":"ImageObject","inLanguage":"de","@id":"https:\/\/sidewalkmystery.dk\/de\/#\/schema\/logo\/image\/","url":"https:\/\/sidewalkmystery.dk\/wp-content\/uploads\/2024\/10\/Sidewalk-Mystery-1-1-696.webp","contentUrl":"https:\/\/sidewalkmystery.dk\/wp-content\/uploads\/2024\/10\/Sidewalk-Mystery-1-1-696.webp","width":696,"height":695,"caption":"Das Geheimnis des B\u00fcrgersteigs"},"image":{"@id":"https:\/\/sidewalkmystery.dk\/de\/#\/schema\/logo\/image\/"},"sameAs":["https:\/\/www.facebook.com\/people\/Sidewalk-Mystery\/100093298703242\/","https:\/\/www.instagram.com\/sidewalkmystery\/"]}]}},"_links":{"self":[{"href":"https:\/\/sidewalkmystery.dk\/de\/wp-json\/wp\/v2\/pages\/5139","targetHints":{"allow":["GET"]}}],"collection":[{"href":"https:\/\/sidewalkmystery.dk\/de\/wp-json\/wp\/v2\/pages"}],"about":[{"href":"https:\/\/sidewalkmystery.dk\/de\/wp-json\/wp\/v2\/types\/page"}],"author":[{"embeddable":true,"href":"https:\/\/sidewalkmystery.dk\/de\/wp-json\/wp\/v2\/users\/5"}],"replies":[{"embeddable":true,"href":"https:\/\/sidewalkmystery.dk\/de\/wp-json\/wp\/v2\/comments?post=5139"}],"version-history":[{"count":3,"href":"https:\/\/sidewalkmystery.dk\/de\/wp-json\/wp\/v2\/pages\/5139\/revisions"}],"predecessor-version":[{"id":9839,"href":"https:\/\/sidewalkmystery.dk\/de\/wp-json\/wp\/v2\/pages\/5139\/revisions\/9839"}],"up":[{"embeddable":true,"href":"https:\/\/sidewalkmystery.dk\/de\/wp-json\/wp\/v2\/pages\/5156"}],"wp:featuredmedia":[{"embeddable":true,"href":"https:\/\/sidewalkmystery.dk\/de\/wp-json\/wp\/v2\/media\/5141"}],"wp:attachment":[{"href":"https:\/\/sidewalkmystery.dk\/de\/wp-json\/wp\/v2\/media?parent=5139"}],"wp:term":[{"taxonomy":"category","embeddable":true,"href":"https:\/\/sidewalkmystery.dk\/de\/wp-json\/wp\/v2\/categories?post=5139"},{"taxonomy":"post_tag","embeddable":true,"href":"https:\/\/sidewalkmystery.dk\/de\/wp-json\/wp\/v2\/tags?post=5139"}],"curies":[{"name":"wp","href":"https:\/\/api.w.org\/{rel}","templated":true}]}}