{"id":5243,"date":"2024-07-31T16:43:38","date_gmt":"2024-07-31T14:43:38","guid":{"rendered":"https:\/\/sidewalkmystery.dk\/stadtspaziergang-raetseljagd-und-zusammenarbeit\/"},"modified":"2026-04-23T11:26:34","modified_gmt":"2026-04-23T09:26:34","slug":"stadtspaziergang-raetseljagd-und-zusammenarbeit","status":"publish","type":"page","link":"https:\/\/sidewalkmystery.dk\/de\/stadtspaziergang-raetseljagd-und-zusammenarbeit\/","title":{"rendered":"Wanderungen, Escape Rooms und Zusammenarbeit"},"content":{"rendered":"\n<h2 class=\"wp-block-heading\">Stadtrundgang, Escape Room im Freien und Zusammenarbeit verbinden sich zu einem aufregenden Spielerlebnis<\/h2>\n\n<p>Unsere Spiele f\u00fchren Sie aus dem traditionellen Escape Room heraus und nehmen Sie mit auf ein Abenteuer durch die Stra\u00dfen der Stadt.  <\/p>\n\n<p>Sie und Ihr Team m\u00fcssen R\u00e4tsel und Herausforderungen l\u00f6sen, um die Geheimnisse zu l\u00fcften, die Angeklagten zu retten oder die Mission zu beenden.<\/p>\n\n<h3 class=\"wp-block-heading\">Finden Sie Ihre Sidewalk Mystery Herausforderung in<\/h3>\n<div class=\"is-style-boxed wp-block-themeisle-blocks-posts-grid\" id=\"wp-block-themeisle-blocks-posts-grid-b855ee64\"><div class=\"is-grid o-posts-grid-columns-4\"><div class=\"o-posts-grid-post-blog o-posts-grid-post-plain\"><div class=\"o-posts-grid-post\"><div class=\"o-posts-grid-post-body is-full\"><h4 class=\"o-posts-grid-post-title\"><a href=\"https:\/\/sidewalkmystery.dk\/de\/klitmoeller\/\">Klitm\u00f8ller<\/a><\/h4><\/div><\/div><\/div><div class=\"o-posts-grid-post-blog o-posts-grid-post-plain\"><div class=\"o-posts-grid-post\"><div class=\"o-posts-grid-post-body is-full\"><h4 class=\"o-posts-grid-post-title\"><a href=\"https:\/\/sidewalkmystery.dk\/de\/odense\/\">Odense<\/a><\/h4><\/div><\/div><\/div><div class=\"o-posts-grid-post-blog o-posts-grid-post-plain\"><div class=\"o-posts-grid-post\"><div class=\"o-posts-grid-post-body is-full\"><h4 class=\"o-posts-grid-post-title\"><a href=\"https:\/\/sidewalkmystery.dk\/de\/skagen\/\">Skagen<\/a><\/h4><\/div><\/div><\/div><div class=\"o-posts-grid-post-blog o-posts-grid-post-plain\"><div class=\"o-posts-grid-post\"><div class=\"o-posts-grid-post-body is-full\"><h4 class=\"o-posts-grid-post-title\"><a href=\"https:\/\/sidewalkmystery.dk\/de\/aalborg\/\">Aalborg<\/a><\/h4><\/div><\/div><\/div><div class=\"o-posts-grid-post-blog o-posts-grid-post-plain\"><div class=\"o-posts-grid-post\"><div class=\"o-posts-grid-post-body is-full\"><h4 class=\"o-posts-grid-post-title\"><a href=\"https:\/\/sidewalkmystery.dk\/de\/aarhus\/\">Aarhus<\/a><\/h4><\/div><\/div><\/div><div class=\"o-posts-grid-post-blog o-posts-grid-post-plain\"><div class=\"o-posts-grid-post\"><div class=\"o-posts-grid-post-body is-full\"><h4 class=\"o-posts-grid-post-title\"><a href=\"https:\/\/sidewalkmystery.dk\/de\/ebeltoft\/\">Ebeltoft<\/a><\/h4><\/div><\/div><\/div><div class=\"o-posts-grid-post-blog o-posts-grid-post-plain\"><div class=\"o-posts-grid-post\"><div class=\"o-posts-grid-post-body is-full\"><h4 class=\"o-posts-grid-post-title\"><a href=\"https:\/\/sidewalkmystery.dk\/de\/esbjerg\/\">Esbjerg<\/a><\/h4><\/div><\/div><\/div><div class=\"o-posts-grid-post-blog o-posts-grid-post-plain\"><div class=\"o-posts-grid-post\"><div class=\"o-posts-grid-post-body is-full\"><h4 class=\"o-posts-grid-post-title\"><a href=\"https:\/\/sidewalkmystery.dk\/de\/blaavandshuk\/\">Bl\u00e5vandshuk<\/a><\/h4><\/div><\/div><\/div><div class=\"o-posts-grid-post-blog o-posts-grid-post-plain\"><div class=\"o-posts-grid-post\"><div class=\"o-posts-grid-post-body is-full\"><h4 class=\"o-posts-grid-post-title\"><a href=\"https:\/\/sidewalkmystery.dk\/de\/maribo\/\">Maribo<\/a><\/h4><\/div><\/div><\/div><div class=\"o-posts-grid-post-blog o-posts-grid-post-plain\"><div class=\"o-posts-grid-post\"><div class=\"o-posts-grid-post-body is-full\"><h4 class=\"o-posts-grid-post-title\"><a href=\"https:\/\/sidewalkmystery.dk\/de\/kopenhagen-daenemark\/\">Kopenhagen<\/a><\/h4><\/div><\/div><\/div><div class=\"o-posts-grid-post-blog o-posts-grid-post-plain\"><div class=\"o-posts-grid-post\"><div class=\"o-posts-grid-post-body is-full\"><h4 class=\"o-posts-grid-post-title\"><a href=\"https:\/\/sidewalkmystery.dk\/de\/soendervig-houvig\/\">S\u00f8ndervig - Houvig<\/a><\/h4><\/div><\/div><\/div><\/div> <\/div>\n<p>Aber weitere St\u00e4dte sind auf dem Weg, und egal, f\u00fcr welche Stadt Sie sich entscheiden, es wartet immer eine originelle Sidewalk Mystery-Geschichte mit einem spannenden Erlebnis voller Geheimnisse und Herausforderungen auf Sie. Egal, ob Sie sich dem Widerstand anschlie\u00dfen, eine angeklagte Hexe verteidigen oder versuchen, einen Terroranschlag zu vereiteln, hier finden Sie nur Geschichte.<\/p>\n\n<p>Jede Stadt hat ihre eigene, einzigartige Geschichte und eine Reihe von Herausforderungen, die speziell auf die lokale Umgebung zugeschnitten sind.<\/p>\n\n<figure class=\"wp-block-image alignright size-medium\"><img decoding=\"async\" width=\"300\" height=\"217\" src=\"https:\/\/sidewalkmystery.dk\/wp-content\/uploads\/2023\/06\/private-eye-lup-300x217.jpg\" alt=\"\" class=\"wp-image-1894\" srcset=\"https:\/\/sidewalkmystery.dk\/wp-content\/uploads\/2023\/06\/private-eye-lup-300x217.jpg 300w, https:\/\/sidewalkmystery.dk\/wp-content\/uploads\/2023\/06\/private-eye-lup-1030x744.jpg 1030w, https:\/\/sidewalkmystery.dk\/wp-content\/uploads\/2023\/06\/private-eye-lup-768x555.jpg 768w, https:\/\/sidewalkmystery.dk\/wp-content\/uploads\/2023\/06\/private-eye-lup-1536x1110.jpg 1536w, https:\/\/sidewalkmystery.dk\/wp-content\/uploads\/2023\/06\/private-eye-lup-1500x1084.jpg 1500w, https:\/\/sidewalkmystery.dk\/wp-content\/uploads\/2023\/06\/private-eye-lup-705x509.jpg 705w, https:\/\/sidewalkmystery.dk\/wp-content\/uploads\/2023\/06\/private-eye-lup-450x325.jpg 450w, https:\/\/sidewalkmystery.dk\/wp-content\/uploads\/2023\/06\/private-eye-lup-600x433.jpg 600w, https:\/\/sidewalkmystery.dk\/wp-content\/uploads\/2023\/06\/private-eye-lup.jpg 1024w\" sizes=\"(max-width: 300px) 100vw, 300px\" \/><\/figure>\n\n<p>Machen Sie Ihren Stadtrundgang mit Sidewalk Mystery zu einem interaktiven und fesselnden Erlebnis. Unser Spiel f\u00fchrt Sie auf sorgf\u00e4ltig ausgew\u00e4hlten Routen zu historischen und kulturellen St\u00e4tten, w\u00e4hrend Sie sich durch eine Reihe von spannenden Herausforderungen arbeiten. Erleben Sie die Stadt auf eine ganz neue Art und Weise, denn hinter jeder Stra\u00dfe und Ecke verbergen sich Hinweise und R\u00e4tsel, die darauf warten, gel\u00f6st zu werden.  <\/p>\n\n<h2 class=\"wp-block-heading\">R\u00e4tseltour an der frischen Luft<\/h2>\n\n<p>Sidewalk Mystery kombiniert Elemente von Escape Rooms mit dem offenen st\u00e4dtischen Raum. Anstatt einen Ausweg aus einem geschlossenen Raum zu finden, m\u00fcssen Sie und Ihr Team durch die Stra\u00dfen der Stadt navigieren, Hinweise finden und R\u00e4tsel l\u00f6sen, die mit der Geschichte und der Umgebung der Stadt zu tun haben. Verwenden Sie Ihr Mobiltelefon, um Hinweise zu erhalten und folgen Sie den Spuren durch die Stadt, um die L\u00f6sungen der R\u00e4tsel zu finden.  <\/p>\n\n<h2 class=\"wp-block-heading\">Sie m\u00fcssen zusammenarbeiten, um die Herausforderungen zu l\u00f6sen<\/h2>\n\n<p>Unsere Spiele sind so konzipiert, dass sie Teamarbeit und Kooperation f\u00f6rdern. Bei jeder Herausforderung m\u00fcssen Sie Ideen austauschen, Optionen diskutieren und zusammenarbeiten, um die beste L\u00f6sung zu finden. Sidewalk Mystery eignet sich hervorragend f\u00fcr Teambuilding, Familienausfl\u00fcge oder einen unterhaltsamen Tag mit Freunden und Klassenkameraden. Es ist eine gro\u00dfartige M\u00f6glichkeit, Beziehungen zu st\u00e4rken und gemeinsame Erinnerungen zu schaffen.   <\/p>\n\n<h2 class=\"wp-block-heading\">Spielen Sie, wann es Ihnen passt<\/h2>\n\n<p>Sie k\u00f6nnen genau dann spielen, wenn es Ihnen passt. Nach dem Kauf erhalten Sie einen Spielf\u00fchrer und einen Spielcode, mit dem Sie loslegen k\u00f6nnen, wenn Sie bereit sind. Sobald Sie das Spiel starten, indem Sie sich einloggen, k\u00f6nnen Sie Pausen einlegen und die Sehensw\u00fcrdigkeiten der Stadt in Ihrem eigenen Tempo genie\u00dfen. Anders als bei einem herk\u00f6mmlichen Escape Room haben Sie gen\u00fcgend Zeit, um das Spiel zu beenden, Sie m\u00fcssen sich also nicht beeilen.   <\/p>\n\n<figure class=\"wp-block-image size-large\"><img decoding=\"async\" width=\"1030\" height=\"687\" src=\"https:\/\/sidewalkmystery.dk\/wp-content\/uploads\/2024\/07\/gruppe-cafe-1030x687.jpg\" alt=\"\" class=\"wp-image-4471\" srcset=\"https:\/\/sidewalkmystery.dk\/wp-content\/uploads\/2024\/07\/gruppe-cafe-1030x687.jpg 1030w, https:\/\/sidewalkmystery.dk\/wp-content\/uploads\/2024\/07\/gruppe-cafe-300x200.jpg 300w, https:\/\/sidewalkmystery.dk\/wp-content\/uploads\/2024\/07\/gruppe-cafe-768x512.jpg 768w, https:\/\/sidewalkmystery.dk\/wp-content\/uploads\/2024\/07\/gruppe-cafe-1536x1024.jpg 1536w, https:\/\/sidewalkmystery.dk\/wp-content\/uploads\/2024\/07\/gruppe-cafe-1500x1000.jpg 1500w, https:\/\/sidewalkmystery.dk\/wp-content\/uploads\/2024\/07\/gruppe-cafe-705x470.jpg 705w, https:\/\/sidewalkmystery.dk\/wp-content\/uploads\/2024\/07\/gruppe-cafe-450x300.jpg 450w, https:\/\/sidewalkmystery.dk\/wp-content\/uploads\/2024\/07\/gruppe-cafe-1200x800.jpg 1200w, https:\/\/sidewalkmystery.dk\/wp-content\/uploads\/2024\/07\/gruppe-cafe-600x400.jpg 600w, https:\/\/sidewalkmystery.dk\/wp-content\/uploads\/2024\/07\/gruppe-cafe.jpg 1024w\" sizes=\"(max-width: 1030px) 100vw, 1030px\" \/><\/figure>\n\n<p><\/p>\n\n<p>Sie brauchen keine App herunterzuladen - alles, was Sie brauchen, ist ein Mobiltelefon mit einem Standardbrowser. Melden Sie sich an und lassen Sie das Abenteuer beginnen. <\/p>\n\n<h2 class=\"wp-block-heading\">Perfekt f\u00fcr jede Gelegenheit<\/h2>\n\n<p>Sidewalk Mystery ist ideal f\u00fcr Familien, Gruppen von Freunden, Teambuilding oder als einzigartige Aktivit\u00e4t f\u00fcr ein Date. Die Herausforderungen sind so konzipiert, dass sie die Zusammenarbeit und das kreative Denken f\u00f6rdern, so dass das Erlebnis f\u00fcr alle Teilnehmer sowohl unterhaltsam als auch fesselnd ist. <\/p>\n\n<figure class=\"wp-block-image size-large\"><img decoding=\"async\" width=\"1030\" height=\"687\" src=\"https:\/\/sidewalkmystery.dk\/wp-content\/uploads\/2024\/07\/gruppe-paa-trappe-1030x687.jpg\" alt=\"\" class=\"wp-image-4473\" srcset=\"https:\/\/sidewalkmystery.dk\/wp-content\/uploads\/2024\/07\/gruppe-paa-trappe-1030x687.jpg 1030w, https:\/\/sidewalkmystery.dk\/wp-content\/uploads\/2024\/07\/gruppe-paa-trappe-300x200.jpg 300w, https:\/\/sidewalkmystery.dk\/wp-content\/uploads\/2024\/07\/gruppe-paa-trappe-768x512.jpg 768w, https:\/\/sidewalkmystery.dk\/wp-content\/uploads\/2024\/07\/gruppe-paa-trappe-1536x1024.jpg 1536w, https:\/\/sidewalkmystery.dk\/wp-content\/uploads\/2024\/07\/gruppe-paa-trappe-1500x1000.jpg 1500w, https:\/\/sidewalkmystery.dk\/wp-content\/uploads\/2024\/07\/gruppe-paa-trappe-705x470.jpg 705w, https:\/\/sidewalkmystery.dk\/wp-content\/uploads\/2024\/07\/gruppe-paa-trappe-450x300.jpg 450w, https:\/\/sidewalkmystery.dk\/wp-content\/uploads\/2024\/07\/gruppe-paa-trappe-1200x800.jpg 1200w, https:\/\/sidewalkmystery.dk\/wp-content\/uploads\/2024\/07\/gruppe-paa-trappe-600x400.jpg 600w, https:\/\/sidewalkmystery.dk\/wp-content\/uploads\/2024\/07\/gruppe-paa-trappe.jpg 1024w\" sizes=\"(max-width: 1030px) 100vw, 1030px\" \/><\/figure>\n\n<p><\/p>\n\n<h2 class=\"wp-block-heading\">Sind Sie bereit, die Stadt auf eine neue Art zu erleben?<\/h2>\n\n<p>Kaufen Sie jetzt Ihr Sidewalk Mystery-Spiel und erleben Sie Outdoor escape room-Abenteuer mit Stadtrundg\u00e4ngen, R\u00e4tseltouren und Teamwork. Tauchen Sie ein in eine Welt voller Geschichte und Geheimnisse und sehen Sie, ob Sie das Zeug dazu haben, die R\u00e4tsel zu l\u00f6sen und die Geheimnisse der Stadt zu l\u00fcften. <\/p>\n\n<p>Nehmen Sie die Herausforderung mit Sidewalk Mystery an - wo jeder Schritt Sie einem neuen Abenteuer n\u00e4her bringt!<\/p>\n","protected":false},"excerpt":{"rendered":"<p>Stadtrundgang, Escape Room im Freien und Zusammenarbeit verbinden sich zu einem aufregenden Spielerlebnis Unsere Spiele f\u00fchren Sie aus dem traditionellen Escape Room heraus und nehmen Sie mit auf ein Abenteuer durch die Stra\u00dfen der Stadt. Sie und Ihr Team m\u00fcssen R\u00e4tsel und Herausforderungen l\u00f6sen, um die Geheimnisse zu l\u00fcften, die Angeklagten zu retten oder die [&hellip;]<\/p>\n","protected":false},"author":5,"featured_media":0,"parent":0,"menu_order":0,"comment_status":"closed","ping_status":"closed","template":"","meta":{"_themeisle_gutenberg_block_has_review":false,"footnotes":""},"categories":[],"tags":[],"class_list":["post-5243","page","type-page","status-publish","hentry"],"yoast_head":"<!-- This site is optimized with the Yoast SEO plugin v27.5 - https:\/\/yoast.com\/product\/yoast-seo-wordpress\/ -->\n<title>Wanderungen, Escape Rooms und Zusammenarbeit - Sidewalk Mystery<\/title>\n<meta name=\"description\" content=\"Verlassen Sie den traditionellen geschlossenen Escape Room f\u00fcr ein Erlebnis, das Stadtrundgang, R\u00e4tseltour und Teamarbeit kombiniert.\" \/>\n<meta name=\"robots\" content=\"index, follow, max-snippet:-1, max-image-preview:large, max-video-preview:-1\" \/>\n<link rel=\"canonical\" href=\"https:\/\/sidewalkmystery.dk\/de\/stadtspaziergang-raetseljagd-und-zusammenarbeit\/\" \/>\n<meta property=\"og:locale\" content=\"de_DE\" \/>\n<meta property=\"og:type\" content=\"article\" \/>\n<meta property=\"og:title\" content=\"Wanderungen, Escape Rooms und Zusammenarbeit - Sidewalk Mystery\" \/>\n<meta property=\"og:description\" content=\"Verlassen Sie den traditionellen geschlossenen Escape Room f\u00fcr ein Erlebnis, das Stadtrundgang, R\u00e4tseltour und Teamarbeit kombiniert.\" \/>\n<meta property=\"og:url\" content=\"https:\/\/sidewalkmystery.dk\/de\/stadtspaziergang-raetseljagd-und-zusammenarbeit\/\" \/>\n<meta property=\"og:site_name\" content=\"Sidewalk Mystery\" \/>\n<meta property=\"article:publisher\" content=\"https:\/\/www.facebook.com\/people\/Sidewalk-Mystery\/100093298703242\/\" \/>\n<meta property=\"article:modified_time\" content=\"2026-04-23T09:26:34+00:00\" \/>\n<meta property=\"og:image\" content=\"https:\/\/sidewalkmystery.dk\/wp-content\/uploads\/2023\/06\/private-eye-lup.jpg\" \/>\n\t<meta property=\"og:image:width\" content=\"1024\" \/>\n\t<meta property=\"og:image:height\" content=\"740\" \/>\n\t<meta property=\"og:image:type\" content=\"image\/jpeg\" \/>\n<meta name=\"twitter:card\" content=\"summary_large_image\" \/>\n<meta name=\"twitter:label1\" content=\"Gesch\u00e4tzte Lesezeit\" \/>\n\t<meta name=\"twitter:data1\" content=\"3\u00a0Minute\" \/>\n<script type=\"application\/ld+json\" class=\"yoast-schema-graph\">{\"@context\":\"https:\\\/\\\/schema.org\",\"@graph\":[{\"@type\":\"WebPage\",\"@id\":\"https:\\\/\\\/sidewalkmystery.dk\\\/de\\\/stadtspaziergang-raetseljagd-und-zusammenarbeit\\\/\",\"url\":\"https:\\\/\\\/sidewalkmystery.dk\\\/de\\\/stadtspaziergang-raetseljagd-und-zusammenarbeit\\\/\",\"name\":\"Wanderungen, Escape Rooms und Zusammenarbeit - Sidewalk Mystery\",\"isPartOf\":{\"@id\":\"https:\\\/\\\/sidewalkmystery.dk\\\/de\\\/#website\"},\"primaryImageOfPage\":{\"@id\":\"https:\\\/\\\/sidewalkmystery.dk\\\/de\\\/stadtspaziergang-raetseljagd-und-zusammenarbeit\\\/#primaryimage\"},\"image\":{\"@id\":\"https:\\\/\\\/sidewalkmystery.dk\\\/de\\\/stadtspaziergang-raetseljagd-und-zusammenarbeit\\\/#primaryimage\"},\"thumbnailUrl\":\"https:\\\/\\\/sidewalkmystery.dk\\\/wp-content\\\/uploads\\\/2023\\\/06\\\/private-eye-lup-300x217.jpg\",\"datePublished\":\"2024-07-31T14:43:38+00:00\",\"dateModified\":\"2026-04-23T09:26:34+00:00\",\"description\":\"Verlassen Sie den traditionellen geschlossenen Escape Room f\u00fcr ein Erlebnis, das Stadtrundgang, R\u00e4tseltour und Teamarbeit kombiniert.\",\"breadcrumb\":{\"@id\":\"https:\\\/\\\/sidewalkmystery.dk\\\/de\\\/stadtspaziergang-raetseljagd-und-zusammenarbeit\\\/#breadcrumb\"},\"inLanguage\":\"de\",\"potentialAction\":[{\"@type\":\"ReadAction\",\"target\":[\"https:\\\/\\\/sidewalkmystery.dk\\\/de\\\/stadtspaziergang-raetseljagd-und-zusammenarbeit\\\/\"]}]},{\"@type\":\"ImageObject\",\"inLanguage\":\"de\",\"@id\":\"https:\\\/\\\/sidewalkmystery.dk\\\/de\\\/stadtspaziergang-raetseljagd-und-zusammenarbeit\\\/#primaryimage\",\"url\":\"https:\\\/\\\/sidewalkmystery.dk\\\/wp-content\\\/uploads\\\/2023\\\/06\\\/private-eye-lup-300x217.jpg\",\"contentUrl\":\"https:\\\/\\\/sidewalkmystery.dk\\\/wp-content\\\/uploads\\\/2023\\\/06\\\/private-eye-lup-300x217.jpg\"},{\"@type\":\"BreadcrumbList\",\"@id\":\"https:\\\/\\\/sidewalkmystery.dk\\\/de\\\/stadtspaziergang-raetseljagd-und-zusammenarbeit\\\/#breadcrumb\",\"itemListElement\":[{\"@type\":\"ListItem\",\"position\":1,\"name\":\"Home\",\"item\":\"https:\\\/\\\/sidewalkmystery.dk\\\/de\\\/5261-2\\\/\"},{\"@type\":\"ListItem\",\"position\":2,\"name\":\"Wanderungen, Escape Rooms und Zusammenarbeit\"}]},{\"@type\":\"WebSite\",\"@id\":\"https:\\\/\\\/sidewalkmystery.dk\\\/de\\\/#website\",\"url\":\"https:\\\/\\\/sidewalkmystery.dk\\\/de\\\/\",\"name\":\"Sidewalk Mystery\",\"description\":\"- tr\u00e6d ind i historien.\",\"publisher\":{\"@id\":\"https:\\\/\\\/sidewalkmystery.dk\\\/de\\\/#organization\"},\"potentialAction\":[{\"@type\":\"SearchAction\",\"target\":{\"@type\":\"EntryPoint\",\"urlTemplate\":\"https:\\\/\\\/sidewalkmystery.dk\\\/de\\\/?s={search_term_string}\"},\"query-input\":{\"@type\":\"PropertyValueSpecification\",\"valueRequired\":true,\"valueName\":\"search_term_string\"}}],\"inLanguage\":\"de\"},{\"@type\":\"Organization\",\"@id\":\"https:\\\/\\\/sidewalkmystery.dk\\\/de\\\/#organization\",\"name\":\"Das Geheimnis des B\u00fcrgersteigs\",\"url\":\"https:\\\/\\\/sidewalkmystery.dk\\\/de\\\/\",\"logo\":{\"@type\":\"ImageObject\",\"inLanguage\":\"de\",\"@id\":\"https:\\\/\\\/sidewalkmystery.dk\\\/de\\\/#\\\/schema\\\/logo\\\/image\\\/\",\"url\":\"https:\\\/\\\/sidewalkmystery.dk\\\/wp-content\\\/uploads\\\/2024\\\/10\\\/Sidewalk-Mystery-1-1-696.webp\",\"contentUrl\":\"https:\\\/\\\/sidewalkmystery.dk\\\/wp-content\\\/uploads\\\/2024\\\/10\\\/Sidewalk-Mystery-1-1-696.webp\",\"width\":696,\"height\":695,\"caption\":\"Das Geheimnis des B\u00fcrgersteigs\"},\"image\":{\"@id\":\"https:\\\/\\\/sidewalkmystery.dk\\\/de\\\/#\\\/schema\\\/logo\\\/image\\\/\"},\"sameAs\":[\"https:\\\/\\\/www.facebook.com\\\/people\\\/Sidewalk-Mystery\\\/100093298703242\\\/\",\"https:\\\/\\\/www.instagram.com\\\/sidewalkmystery\\\/\"]}]}<\/script>\n<!-- \/ Yoast SEO plugin. -->","yoast_head_json":{"title":"Wanderungen, Escape Rooms und Zusammenarbeit - Sidewalk Mystery","description":"Verlassen Sie den traditionellen geschlossenen Escape Room f\u00fcr ein Erlebnis, das Stadtrundgang, R\u00e4tseltour und Teamarbeit kombiniert.","robots":{"index":"index","follow":"follow","max-snippet":"max-snippet:-1","max-image-preview":"max-image-preview:large","max-video-preview":"max-video-preview:-1"},"canonical":"https:\/\/sidewalkmystery.dk\/de\/stadtspaziergang-raetseljagd-und-zusammenarbeit\/","og_locale":"de_DE","og_type":"article","og_title":"Wanderungen, Escape Rooms und Zusammenarbeit - Sidewalk Mystery","og_description":"Verlassen Sie den traditionellen geschlossenen Escape Room f\u00fcr ein Erlebnis, das Stadtrundgang, R\u00e4tseltour und Teamarbeit kombiniert.","og_url":"https:\/\/sidewalkmystery.dk\/de\/stadtspaziergang-raetseljagd-und-zusammenarbeit\/","og_site_name":"Sidewalk Mystery","article_publisher":"https:\/\/www.facebook.com\/people\/Sidewalk-Mystery\/100093298703242\/","article_modified_time":"2026-04-23T09:26:34+00:00","og_image":[{"width":1024,"height":740,"url":"https:\/\/sidewalkmystery.dk\/wp-content\/uploads\/2023\/06\/private-eye-lup.jpg","type":"image\/jpeg"}],"twitter_card":"summary_large_image","twitter_misc":{"Gesch\u00e4tzte Lesezeit":"3\u00a0Minute"},"schema":{"@context":"https:\/\/schema.org","@graph":[{"@type":"WebPage","@id":"https:\/\/sidewalkmystery.dk\/de\/stadtspaziergang-raetseljagd-und-zusammenarbeit\/","url":"https:\/\/sidewalkmystery.dk\/de\/stadtspaziergang-raetseljagd-und-zusammenarbeit\/","name":"Wanderungen, Escape Rooms und Zusammenarbeit - Sidewalk Mystery","isPartOf":{"@id":"https:\/\/sidewalkmystery.dk\/de\/#website"},"primaryImageOfPage":{"@id":"https:\/\/sidewalkmystery.dk\/de\/stadtspaziergang-raetseljagd-und-zusammenarbeit\/#primaryimage"},"image":{"@id":"https:\/\/sidewalkmystery.dk\/de\/stadtspaziergang-raetseljagd-und-zusammenarbeit\/#primaryimage"},"thumbnailUrl":"https:\/\/sidewalkmystery.dk\/wp-content\/uploads\/2023\/06\/private-eye-lup-300x217.jpg","datePublished":"2024-07-31T14:43:38+00:00","dateModified":"2026-04-23T09:26:34+00:00","description":"Verlassen Sie den traditionellen geschlossenen Escape Room f\u00fcr ein Erlebnis, das Stadtrundgang, R\u00e4tseltour und Teamarbeit kombiniert.","breadcrumb":{"@id":"https:\/\/sidewalkmystery.dk\/de\/stadtspaziergang-raetseljagd-und-zusammenarbeit\/#breadcrumb"},"inLanguage":"de","potentialAction":[{"@type":"ReadAction","target":["https:\/\/sidewalkmystery.dk\/de\/stadtspaziergang-raetseljagd-und-zusammenarbeit\/"]}]},{"@type":"ImageObject","inLanguage":"de","@id":"https:\/\/sidewalkmystery.dk\/de\/stadtspaziergang-raetseljagd-und-zusammenarbeit\/#primaryimage","url":"https:\/\/sidewalkmystery.dk\/wp-content\/uploads\/2023\/06\/private-eye-lup-300x217.jpg","contentUrl":"https:\/\/sidewalkmystery.dk\/wp-content\/uploads\/2023\/06\/private-eye-lup-300x217.jpg"},{"@type":"BreadcrumbList","@id":"https:\/\/sidewalkmystery.dk\/de\/stadtspaziergang-raetseljagd-und-zusammenarbeit\/#breadcrumb","itemListElement":[{"@type":"ListItem","position":1,"name":"Home","item":"https:\/\/sidewalkmystery.dk\/de\/5261-2\/"},{"@type":"ListItem","position":2,"name":"Wanderungen, Escape Rooms und Zusammenarbeit"}]},{"@type":"WebSite","@id":"https:\/\/sidewalkmystery.dk\/de\/#website","url":"https:\/\/sidewalkmystery.dk\/de\/","name":"Sidewalk Mystery","description":"- tr\u00e6d ind i historien.","publisher":{"@id":"https:\/\/sidewalkmystery.dk\/de\/#organization"},"potentialAction":[{"@type":"SearchAction","target":{"@type":"EntryPoint","urlTemplate":"https:\/\/sidewalkmystery.dk\/de\/?s={search_term_string}"},"query-input":{"@type":"PropertyValueSpecification","valueRequired":true,"valueName":"search_term_string"}}],"inLanguage":"de"},{"@type":"Organization","@id":"https:\/\/sidewalkmystery.dk\/de\/#organization","name":"Das Geheimnis des B\u00fcrgersteigs","url":"https:\/\/sidewalkmystery.dk\/de\/","logo":{"@type":"ImageObject","inLanguage":"de","@id":"https:\/\/sidewalkmystery.dk\/de\/#\/schema\/logo\/image\/","url":"https:\/\/sidewalkmystery.dk\/wp-content\/uploads\/2024\/10\/Sidewalk-Mystery-1-1-696.webp","contentUrl":"https:\/\/sidewalkmystery.dk\/wp-content\/uploads\/2024\/10\/Sidewalk-Mystery-1-1-696.webp","width":696,"height":695,"caption":"Das Geheimnis des B\u00fcrgersteigs"},"image":{"@id":"https:\/\/sidewalkmystery.dk\/de\/#\/schema\/logo\/image\/"},"sameAs":["https:\/\/www.facebook.com\/people\/Sidewalk-Mystery\/100093298703242\/","https:\/\/www.instagram.com\/sidewalkmystery\/"]}]}},"_links":{"self":[{"href":"https:\/\/sidewalkmystery.dk\/de\/wp-json\/wp\/v2\/pages\/5243","targetHints":{"allow":["GET"]}}],"collection":[{"href":"https:\/\/sidewalkmystery.dk\/de\/wp-json\/wp\/v2\/pages"}],"about":[{"href":"https:\/\/sidewalkmystery.dk\/de\/wp-json\/wp\/v2\/types\/page"}],"author":[{"embeddable":true,"href":"https:\/\/sidewalkmystery.dk\/de\/wp-json\/wp\/v2\/users\/5"}],"replies":[{"embeddable":true,"href":"https:\/\/sidewalkmystery.dk\/de\/wp-json\/wp\/v2\/comments?post=5243"}],"version-history":[{"count":3,"href":"https:\/\/sidewalkmystery.dk\/de\/wp-json\/wp\/v2\/pages\/5243\/revisions"}],"predecessor-version":[{"id":10819,"href":"https:\/\/sidewalkmystery.dk\/de\/wp-json\/wp\/v2\/pages\/5243\/revisions\/10819"}],"wp:attachment":[{"href":"https:\/\/sidewalkmystery.dk\/de\/wp-json\/wp\/v2\/media?parent=5243"}],"wp:term":[{"taxonomy":"category","embeddable":true,"href":"https:\/\/sidewalkmystery.dk\/de\/wp-json\/wp\/v2\/categories?post=5243"},{"taxonomy":"post_tag","embeddable":true,"href":"https:\/\/sidewalkmystery.dk\/de\/wp-json\/wp\/v2\/tags?post=5243"}],"curies":[{"name":"wp","href":"https:\/\/api.w.org\/{rel}","templated":true}]}}