{"id":5269,"date":"2024-02-23T13:23:35","date_gmt":"2024-02-23T11:23:35","guid":{"rendered":"https:\/\/sidewalkmystery.dk\/mord-krimis\/der-krimi-im-flano-badehotel-spa-2\/"},"modified":"2026-04-23T11:29:57","modified_gmt":"2026-04-23T09:29:57","slug":"der-krimi-im-flano-badehotel-spa-2","status":"publish","type":"page","link":"https:\/\/sidewalkmystery.dk\/de\/mord-krimis\/der-krimi-im-flano-badehotel-spa-2\/","title":{"rendered":"Der Krimi im Flan\u00f8 Badehotel &amp; Spa 8 Personen"},"content":{"rendered":"\n<h2 class=\"wp-block-heading\">Ein todesverachtendes Spiel f\u00fcr 8<\/h2>\n\n<div class=\"wp-block-columns is-layout-flex wp-container-core-columns-is-layout-9d6595d7 wp-block-columns-is-layout-flex\">\n<div class=\"wp-block-column is-layout-flow wp-block-column-is-layout-flow\" style=\"flex-basis:66.66%\">\n<p>Willkommen zu diesem spannenden Krimi, bei dem es darum geht, den M\u00f6rder unter Ihnen zu entlarven.<\/p>\n\n\n\n<p>Begleiten Sie uns auf Flan\u00f8, wo die Aufregung unvergleichlich ist und das R\u00e4tsel darauf wartet, gel\u00f6st zu werden.<\/p>\n\n\n\n<p>Auf der Privatinsel Flan\u00f8 und in dem \u00e4u\u00dferst luxuri\u00f6sen Hotel &amp; Spa, das von Gordon Ramsen und seiner Frau Lisa geleitet wird, ist alles scheinbar friedlich. Aber das wird sich bald \u00e4ndern. <\/p>\n\n\n\n<p>Die Insel liegt eine halbe Stunde Fahrt von Svendborg entfernt. Abgesehen von Gordon und Lisa wird die Insel nur von dem wechselnden Personal bewohnt, zu dem derzeit Louise, Karen und Johan sowie das K\u00fcchen- und Reinigungspersonal geh\u00f6ren. <\/p>\n\n\n\n<figure class=\"wp-block-image size-large\"><img decoding=\"async\" width=\"1030\" height=\"577\" src=\"https:\/\/sidewalkmystery.dk\/wp-content\/uploads\/2024\/02\/Lysthus1-1030x577.jpg\" alt=\"\" class=\"wp-image-3290\" srcset=\"https:\/\/sidewalkmystery.dk\/wp-content\/uploads\/2024\/02\/Lysthus1-1030x577.jpg 1030w, https:\/\/sidewalkmystery.dk\/wp-content\/uploads\/2024\/02\/Lysthus1-300x168.jpg 300w, https:\/\/sidewalkmystery.dk\/wp-content\/uploads\/2024\/02\/Lysthus1-768x430.jpg 768w, https:\/\/sidewalkmystery.dk\/wp-content\/uploads\/2024\/02\/Lysthus1-705x395.jpg 705w, https:\/\/sidewalkmystery.dk\/wp-content\/uploads\/2024\/02\/Lysthus1-450x252.jpg 450w, https:\/\/sidewalkmystery.dk\/wp-content\/uploads\/2024\/02\/Lysthus1-600x336.jpg 600w, https:\/\/sidewalkmystery.dk\/wp-content\/uploads\/2024\/02\/Lysthus1.jpg 1024w\" sizes=\"(max-width: 1030px) 100vw, 1030px\" \/><\/figure>\n<\/div>\n\n\n\n<div class=\"wp-block-column is-layout-flow wp-block-column-is-layout-flow\" style=\"flex-basis:33.33%\">\n<h6 class=\"wp-block-heading\">Spielen Sie wo und wann Sie wollen  <\/h6>\n\n\n\n<p>Der Krimi kann zu Hause, im Ferienhaus, auf dem Campingplatz, in der H\u00fctte, im Hotel oder wo immer Sie wollen gespielt werden. Vorausgesetzt, jeder Teilnehmer hat ein Mobiltelefon und der Game Master hat auch ein Tablet oder einen PC. <\/p>\n\n\n\n<h6 class=\"wp-block-heading\">SPRACHE: D\u00c4NISCH <img decoding=\"async\" width=\"18\" height=\"12\" class=\"wp-image-1110\" style=\"width: 18px;\" src=\"https:\/\/sidewalkmystery.dk\/wp-content\/uploads\/2023\/06\/da.svg\" alt=\"\"\/><br\/>DAUER: 1,5 - 2,5 Stunden<br\/>ANZAHL DER ROLLEN: 8<\/h6>\n\n\n\n<h6 class=\"wp-block-heading\">Drucken Sie selbst (15 Seiten)<\/h6>\n\n\n\n<p>(Lieferung: sofort nach dem Kauf)<\/p>\n\n\n<p class=\"product woocommerce add_to_cart_inline \" style=\"border:4px solid #ccc; padding: 12px;\"><span class=\"woocommerce-Price-amount amount\"><bdi>329,00&nbsp;<span class=\"woocommerce-Price-currencySymbol\">kr.<\/span><\/bdi><\/span> <small class=\"woocommerce-price-suffix\">Inkl. M\u00fctter   <\/small><a href=\"\/de\/wp-json\/wp\/v2\/pages\/5269?add-to-cart=3244\" aria-describedby=\"woocommerce_loop_add_to_cart_link_describedby_3244\" data-quantity=\"1\" class=\"button product_type_simple add_to_cart_button ajax_add_to_cart\" data-product_id=\"3244\" data-product_sku=\"\" aria-label=\"In den Warenkorb legen: \u201eMordmysteriet p\u00e5 Flan\u00f8 Badehotel &amp; Spa - 8 deltagere - print selv\u201c\" rel=\"nofollow\" data-success_message=\"&quot;Mordmysteriet p\u00e5 Flan\u00f8 Badehotel &amp; Spa - 8 deltagere - print selv&quot; wurde Ihrem Warenkorb hinzugef\u00fcgt.\">Jetzt kaufen<\/a>\t<span id=\"woocommerce_loop_add_to_cart_link_describedby_3244\" class=\"screen-reader-text\">\n\t\t\t<\/span>\n<\/p>\n\n\n\n<p><\/p>\n\n\n\n<p><\/p>\n\n\n\n<p><a href=\"https:\/\/sidewalkmystery.dk\/vare\/mordmysteriet-paa-flanoe-badehotel-spa-4-deltagere\/\">Auch f\u00fcr 4 Personen verf\u00fcgbar.<\/a><\/p>\n\n\n\n<h6 class=\"wp-block-heading\">Mit Sidewalk Mystery erhalten Sie immer:<\/h6>\n\n\n\n<div id=\"wp-block-themeisle-blocks-icon-list-9311e53f\" class=\"wp-block-themeisle-blocks-icon-list\">\n<div id=\"wp-block-themeisle-blocks-icon-list-item-8bafafe2\" class=\"wp-block-themeisle-blocks-icon-list-item\"><i class=\"fas fa-check wp-block-themeisle-blocks-icon-list-item-icon-custom\"><\/i><p class=\"wp-block-themeisle-blocks-icon-list-item-content\">Original Sidewalk Mystery Geschichte<\/p><\/div>\n\n\n\n<div id=\"wp-block-themeisle-blocks-icon-list-item-49d74646\" class=\"wp-block-themeisle-blocks-icon-list-item\"><i class=\"fas fa-check wp-block-themeisle-blocks-icon-list-item-icon-custom\"><\/i><p class=\"wp-block-themeisle-blocks-icon-list-item-content\">Inspiriert von wahren Begebenheiten<\/p><\/div>\n\n\n\n<div id=\"wp-block-themeisle-blocks-icon-list-item-2ad6add1\" class=\"wp-block-themeisle-blocks-icon-list-item\"><i class=\"fas fa-check wp-block-themeisle-blocks-icon-list-item-icon-custom\"><\/i><p class=\"wp-block-themeisle-blocks-icon-list-item-content\">M\u00f6glichkeit, unterwegs eine Pause einzulegen<\/p><\/div>\n<\/div>\n<\/div>\n<\/div>\n\n<div class=\"wp-block-columns is-layout-flex wp-container-core-columns-is-layout-9d6595d7 wp-block-columns-is-layout-flex\">\n<div class=\"wp-block-column is-layout-flow wp-block-column-is-layout-flow\" style=\"flex-basis:66.66%\">\n<h3 class=\"wp-block-heading\">Ein Killer in Ihrer Mitte<\/h3>\n\n\n\n<p>Behalten Sie Ihre Mitspieler im Auge, denn der M\u00f6rder k\u00f6nnte jeder von Ihnen sein. <\/p>\n\n\n\n<p>Das Ziel des M\u00f6rders ist es, nicht entdeckt zu werden, w\u00e4hrend er versucht, die Schuld auf eine unschuldige Person zu schieben. Wenn dies gelingt, hat der M\u00f6rder gewonnen. <\/p>\n\n\n\n<p>Aber wenn die Unschuldigen den M\u00f6rder entlarven, gewinnt der Spieler, der den M\u00f6rder am besten identifiziert und die meisten Punkte w\u00e4hrend des Spiels gesammelt hat.<\/p>\n\n\n\n<figure class=\"wp-block-image size-large\"><img decoding=\"async\" width=\"1030\" height=\"577\" src=\"https:\/\/sidewalkmystery.dk\/wp-content\/uploads\/2024\/02\/Hvileomraade3-1030x577.jpg\" alt=\"\" class=\"wp-image-3272\" srcset=\"https:\/\/sidewalkmystery.dk\/wp-content\/uploads\/2024\/02\/Hvileomraade3-1030x577.jpg 1030w, https:\/\/sidewalkmystery.dk\/wp-content\/uploads\/2024\/02\/Hvileomraade3-300x168.jpg 300w, https:\/\/sidewalkmystery.dk\/wp-content\/uploads\/2024\/02\/Hvileomraade3-768x430.jpg 768w, https:\/\/sidewalkmystery.dk\/wp-content\/uploads\/2024\/02\/Hvileomraade3-705x395.jpg 705w, https:\/\/sidewalkmystery.dk\/wp-content\/uploads\/2024\/02\/Hvileomraade3-450x252.jpg 450w, https:\/\/sidewalkmystery.dk\/wp-content\/uploads\/2024\/02\/Hvileomraade3-600x336.jpg 600w, https:\/\/sidewalkmystery.dk\/wp-content\/uploads\/2024\/02\/Hvileomraade3.jpg 1024w\" sizes=\"(max-width: 1030px) 100vw, 1030px\" \/><\/figure>\n\n\n\n<p><\/p>\n\n\n\n<p>Denn bereits im ersten Kapitel stirbt einer der Mitarbeiter auf der Insel, als einer der G\u00e4ste ihn t\u00f6tet. Wenn Sie nicht der M\u00f6rder sind, wird es einer der anderen am Tisch sein, die Frage ist nur, wer?<\/p>\n\n\n\n<figure class=\"wp-block-image size-large\"><img decoding=\"async\" width=\"1030\" height=\"580\" src=\"https:\/\/sidewalkmystery.dk\/wp-content\/uploads\/2024\/02\/Johan2-1030x580.jpg\" alt=\"\" class=\"wp-image-3270\" srcset=\"https:\/\/sidewalkmystery.dk\/wp-content\/uploads\/2024\/02\/Johan2-1030x580.jpg 1030w, https:\/\/sidewalkmystery.dk\/wp-content\/uploads\/2024\/02\/Johan2-300x169.jpg 300w, https:\/\/sidewalkmystery.dk\/wp-content\/uploads\/2024\/02\/Johan2-768x432.jpg 768w, https:\/\/sidewalkmystery.dk\/wp-content\/uploads\/2024\/02\/Johan2-705x397.jpg 705w, https:\/\/sidewalkmystery.dk\/wp-content\/uploads\/2024\/02\/Johan2-450x253.jpg 450w, https:\/\/sidewalkmystery.dk\/wp-content\/uploads\/2024\/02\/Johan2-600x338.jpg 600w, https:\/\/sidewalkmystery.dk\/wp-content\/uploads\/2024\/02\/Johan2.jpg 1445w\" sizes=\"(max-width: 1030px) 100vw, 1030px\" \/><\/figure>\n\n\n\n<p><\/p>\n\n\n\n<h3 class=\"wp-block-heading\">Mehrere verschiedene Killer<\/h3>\n\n\n\n<p>Das Spiel gibt es in mehreren Varianten und Sie erhalten automatisch eine davon. So ist sichergestellt, dass Sie nicht im Voraus wissen, wer der M\u00f6rder ist. Auch nicht, wenn Sie zuvor The Murder Mystery im Flan\u00f8 Badehotel &amp; Spa gespielt haben.  <\/p>\n\n\n\n<h4 class=\"wp-block-heading\">Dieses Spiel ist f\u00fcr 4 oder 8 Spieler<\/h4>\n\n\n\n<p>Es ist wichtig, dass alle Rollen in dem Krimi gespielt werden. Wenn die Anzahl der Teilnehmer nicht mit der Anzahl der Rollen \u00fcbereinstimmt, kann dies dadurch gel\u00f6st werden, dass mehrere Personen gemeinsam eine Rolle spielen oder ein Teilnehmer zwei Rollen spielt. <\/p>\n\n\n\n<h4 class=\"wp-block-heading\">Das technische<\/h4>\n\n\n\n<p>Der Spielleiter spielt den gemeinsamen Teil des Spiels \u00fcber den Computer, das Tablet oder das Mobiltelefon. Entweder indem er die Videosequenzen abspielt, die jedes der f\u00fcnf Kapitel einleiten, oder indem er den Text selbst vorliest. <\/p>\n\n\n\n<p>Jede der vier Rollen hat \u00fcber ihr Handy\/Tablet einen eigenen Zugang zu ihrem Teil des Spiels. Hier werden die pers\u00f6nlichen Informationen gezeigt und der Teilnehmer muss in jedem der f\u00fcnf Kapitel erraten, wer der M\u00f6rder ist. <\/p>\n\n\n\n<p>Alle Teilnehmer werden durch das Spiel gef\u00fchrt und es sind keine besonderen IT-Kenntnisse erforderlich, au\u00dfer der F\u00e4higkeit, einen QR-Code zu scannen und den Spielcode einzugeben.<\/p>\n\n\n\n<h4 class=\"wp-block-heading\">Dauer<\/h4>\n\n\n\n<p>Die Spieldauer variiert, aber rechnen Sie mit 1,5-2,5 Stunden.<\/p>\n\n\n\n<p>Sie k\u00f6nnen den Krimi &#8222;in einem Rutsch&#8220; spielen, oder Sie k\u00f6nnen ihn aufteilen und die f\u00fcnf Kapitel zwischen den G\u00e4ngen bei einer Dinnerparty oder \u00e4hnlichem spielen.<\/p>\n\n\n\n<p>Das Spiel findet in einem luxuri\u00f6sen Spa statt und Sie k\u00f6nnen das Thema in die Einladungen, Kost\u00fcme, das Men\u00fc, die Tischdekoration usw. einflie\u00dfen lassen.<\/p>\n\n\n\n<h5 class=\"wp-block-heading\">Haupts\u00e4chlich f\u00fcr Erwachsene<\/h5>\n\n\n\n<p>Das Spiel ist in erster Linie f\u00fcr Erwachsene oder Jugendliche gedacht, die damit umgehen k\u00f6nnen, \u00fcber Mord, Gewalt, Drogenmissbrauch, Untreue, Sex und andere (un)angenehme Dinge zu sprechen.<\/p>\n<\/div>\n\n\n\n<div class=\"wp-block-column is-vertically-aligned-bottom is-layout-flow wp-block-column-is-layout-flow\" style=\"flex-basis:33.33%\">\n<h6 class=\"wp-block-heading\">Drucken Sie selbst (15 Seiten)<\/h6>\n\n\n\n<p>(Lieferung: sofort nach dem Kauf)<\/p>\n\n\n<p class=\"product woocommerce add_to_cart_inline \" style=\"border:4px solid #ccc; padding: 12px;\"><span class=\"woocommerce-Price-amount amount\"><bdi>329,00&nbsp;<span class=\"woocommerce-Price-currencySymbol\">kr.<\/span><\/bdi><\/span> <small class=\"woocommerce-price-suffix\">Inkl. M\u00fctter   <\/small><a href=\"\/de\/wp-json\/wp\/v2\/pages\/5269?add-to-cart=3244\" aria-describedby=\"woocommerce_loop_add_to_cart_link_describedby_3244\" data-quantity=\"1\" class=\"button product_type_simple add_to_cart_button ajax_add_to_cart\" data-product_id=\"3244\" data-product_sku=\"\" aria-label=\"In den Warenkorb legen: \u201eMordmysteriet p\u00e5 Flan\u00f8 Badehotel &amp; Spa - 8 deltagere - print selv\u201c\" rel=\"nofollow\" data-success_message=\"&quot;Mordmysteriet p\u00e5 Flan\u00f8 Badehotel &amp; Spa - 8 deltagere - print selv&quot; wurde Ihrem Warenkorb hinzugef\u00fcgt.\">Jetzt kaufen<\/a>\t<span id=\"woocommerce_loop_add_to_cart_link_describedby_3244\" class=\"screen-reader-text\">\n\t\t\t<\/span>\n<\/p>\n\n\n\n<p><\/p>\n\n\n\n<p><\/p>\n\n\n\n<p><a href=\"https:\/\/sidewalkmystery.dk\/vare\/mordmysteriet-paa-flanoe-badehotel-spa-4-deltagere\/\">Auch f\u00fcr 4 Personen verf\u00fcgbar.<\/a><\/p>\n<\/div>\n<\/div>\n","protected":false},"excerpt":{"rendered":"<p>Ein todesverachtendes Spiel f\u00fcr 8 Willkommen zu diesem spannenden Krimi, bei dem es darum geht, den M\u00f6rder unter Ihnen zu entlarven. Begleiten Sie uns auf Flan\u00f8, wo die Aufregung unvergleichlich ist und das R\u00e4tsel darauf wartet, gel\u00f6st zu werden. Auf der Privatinsel Flan\u00f8 und in dem \u00e4u\u00dferst luxuri\u00f6sen Hotel &amp; Spa, das von Gordon Ramsen [&hellip;]<\/p>\n","protected":false},"author":5,"featured_media":5273,"parent":5125,"menu_order":2,"comment_status":"closed","ping_status":"closed","template":"","meta":{"_themeisle_gutenberg_block_has_review":false,"footnotes":""},"categories":[81],"tags":[],"class_list":["post-5269","page","type-page","status-publish","has-post-thumbnail","hentry","category-mordkrimi"],"yoast_head":"<!-- This site is optimized with the Yoast SEO plugin v27.5 - https:\/\/yoast.com\/product\/yoast-seo-wordpress\/ -->\n<title>Der Krimi im Flan\u00f8 Badehotel &amp; Spa 8 Personen - Sidewalk Mystery<\/title>\n<meta name=\"description\" content=\"Im luxuri\u00f6sen Flan\u00f8 Badehotel &amp; Spa ist alles ruhig und friedlich. Aber das wird sich bald \u00e4ndern, denn unter Ihnen l\u00e4uft ein M\u00f6rder frei herum. Sind Sie es oder ein Mitspieler?\" \/>\n<meta name=\"robots\" content=\"index, follow, max-snippet:-1, max-image-preview:large, max-video-preview:-1\" \/>\n<link rel=\"canonical\" href=\"https:\/\/sidewalkmystery.dk\/de\/mord-krimis\/der-krimi-im-flano-badehotel-spa-2\/\" \/>\n<meta property=\"og:locale\" content=\"de_DE\" \/>\n<meta property=\"og:type\" content=\"article\" \/>\n<meta property=\"og:title\" content=\"Der Krimi im Flan\u00f8 Badehotel &amp; Spa 8 Personen - Sidewalk Mystery\" \/>\n<meta property=\"og:description\" content=\"Im luxuri\u00f6sen Flan\u00f8 Badehotel &amp; Spa ist alles ruhig und friedlich. Aber das wird sich bald \u00e4ndern, denn unter Ihnen l\u00e4uft ein M\u00f6rder frei herum. Sind Sie es oder ein Mitspieler?\" \/>\n<meta property=\"og:url\" content=\"https:\/\/sidewalkmystery.dk\/de\/mord-krimis\/der-krimi-im-flano-badehotel-spa-2\/\" \/>\n<meta property=\"og:site_name\" content=\"Sidewalk Mystery\" \/>\n<meta property=\"article:publisher\" content=\"https:\/\/www.facebook.com\/people\/Sidewalk-Mystery\/100093298703242\/\" \/>\n<meta property=\"article:modified_time\" content=\"2026-04-23T09:29:57+00:00\" \/>\n<meta property=\"og:image\" content=\"https:\/\/sidewalkmystery.dk\/wp-content\/uploads\/2024\/08\/Mord-paa-Badehotellet-8-personer.webp\" \/>\n\t<meta property=\"og:image:width\" content=\"1024\" \/>\n\t<meta property=\"og:image:height\" content=\"423\" \/>\n\t<meta property=\"og:image:type\" content=\"image\/webp\" \/>\n<meta name=\"twitter:card\" content=\"summary_large_image\" \/>\n<meta name=\"twitter:label1\" content=\"Gesch\u00e4tzte Lesezeit\" \/>\n\t<meta name=\"twitter:data1\" content=\"3\u00a0Minute\" \/>\n<script type=\"application\/ld+json\" class=\"yoast-schema-graph\">{\"@context\":\"https:\\\/\\\/schema.org\",\"@graph\":[{\"@type\":\"WebPage\",\"@id\":\"https:\\\/\\\/sidewalkmystery.dk\\\/de\\\/mord-krimis\\\/der-krimi-im-flano-badehotel-spa-2\\\/\",\"url\":\"https:\\\/\\\/sidewalkmystery.dk\\\/de\\\/mord-krimis\\\/der-krimi-im-flano-badehotel-spa-2\\\/\",\"name\":\"Der Krimi im Flan\u00f8 Badehotel &amp; Spa 8 Personen - Sidewalk Mystery\",\"isPartOf\":{\"@id\":\"https:\\\/\\\/sidewalkmystery.dk\\\/de\\\/#website\"},\"primaryImageOfPage\":{\"@id\":\"https:\\\/\\\/sidewalkmystery.dk\\\/de\\\/mord-krimis\\\/der-krimi-im-flano-badehotel-spa-2\\\/#primaryimage\"},\"image\":{\"@id\":\"https:\\\/\\\/sidewalkmystery.dk\\\/de\\\/mord-krimis\\\/der-krimi-im-flano-badehotel-spa-2\\\/#primaryimage\"},\"thumbnailUrl\":\"https:\\\/\\\/sidewalkmystery.dk\\\/wp-content\\\/uploads\\\/2024\\\/08\\\/Mord-paa-Badehotellet-8-personer.webp\",\"datePublished\":\"2024-02-23T11:23:35+00:00\",\"dateModified\":\"2026-04-23T09:29:57+00:00\",\"description\":\"Im luxuri\u00f6sen Flan\u00f8 Badehotel & Spa ist alles ruhig und friedlich. Aber das wird sich bald \u00e4ndern, denn unter Ihnen l\u00e4uft ein M\u00f6rder frei herum. Sind Sie es oder ein Mitspieler?\",\"breadcrumb\":{\"@id\":\"https:\\\/\\\/sidewalkmystery.dk\\\/de\\\/mord-krimis\\\/der-krimi-im-flano-badehotel-spa-2\\\/#breadcrumb\"},\"inLanguage\":\"de\",\"potentialAction\":[{\"@type\":\"ReadAction\",\"target\":[\"https:\\\/\\\/sidewalkmystery.dk\\\/de\\\/mord-krimis\\\/der-krimi-im-flano-badehotel-spa-2\\\/\"]}]},{\"@type\":\"ImageObject\",\"inLanguage\":\"de\",\"@id\":\"https:\\\/\\\/sidewalkmystery.dk\\\/de\\\/mord-krimis\\\/der-krimi-im-flano-badehotel-spa-2\\\/#primaryimage\",\"url\":\"https:\\\/\\\/sidewalkmystery.dk\\\/wp-content\\\/uploads\\\/2024\\\/08\\\/Mord-paa-Badehotellet-8-personer.webp\",\"contentUrl\":\"https:\\\/\\\/sidewalkmystery.dk\\\/wp-content\\\/uploads\\\/2024\\\/08\\\/Mord-paa-Badehotellet-8-personer.webp\",\"width\":1024,\"height\":423},{\"@type\":\"BreadcrumbList\",\"@id\":\"https:\\\/\\\/sidewalkmystery.dk\\\/de\\\/mord-krimis\\\/der-krimi-im-flano-badehotel-spa-2\\\/#breadcrumb\",\"itemListElement\":[{\"@type\":\"ListItem\",\"position\":1,\"name\":\"Home\",\"item\":\"https:\\\/\\\/sidewalkmystery.dk\\\/de\\\/5261-2\\\/\"},{\"@type\":\"ListItem\",\"position\":2,\"name\":\"Mord Krimis\",\"item\":\"https:\\\/\\\/sidewalkmystery.dk\\\/de\\\/mord-krimis\\\/\"},{\"@type\":\"ListItem\",\"position\":3,\"name\":\"Der Krimi im Flan\u00f8 Badehotel &amp; Spa 8 Personen\"}]},{\"@type\":\"WebSite\",\"@id\":\"https:\\\/\\\/sidewalkmystery.dk\\\/de\\\/#website\",\"url\":\"https:\\\/\\\/sidewalkmystery.dk\\\/de\\\/\",\"name\":\"Sidewalk Mystery\",\"description\":\"- tr\u00e6d ind i historien.\",\"publisher\":{\"@id\":\"https:\\\/\\\/sidewalkmystery.dk\\\/de\\\/#organization\"},\"potentialAction\":[{\"@type\":\"SearchAction\",\"target\":{\"@type\":\"EntryPoint\",\"urlTemplate\":\"https:\\\/\\\/sidewalkmystery.dk\\\/de\\\/?s={search_term_string}\"},\"query-input\":{\"@type\":\"PropertyValueSpecification\",\"valueRequired\":true,\"valueName\":\"search_term_string\"}}],\"inLanguage\":\"de\"},{\"@type\":\"Organization\",\"@id\":\"https:\\\/\\\/sidewalkmystery.dk\\\/de\\\/#organization\",\"name\":\"Das Geheimnis des B\u00fcrgersteigs\",\"url\":\"https:\\\/\\\/sidewalkmystery.dk\\\/de\\\/\",\"logo\":{\"@type\":\"ImageObject\",\"inLanguage\":\"de\",\"@id\":\"https:\\\/\\\/sidewalkmystery.dk\\\/de\\\/#\\\/schema\\\/logo\\\/image\\\/\",\"url\":\"https:\\\/\\\/sidewalkmystery.dk\\\/wp-content\\\/uploads\\\/2024\\\/10\\\/Sidewalk-Mystery-1-1-696.webp\",\"contentUrl\":\"https:\\\/\\\/sidewalkmystery.dk\\\/wp-content\\\/uploads\\\/2024\\\/10\\\/Sidewalk-Mystery-1-1-696.webp\",\"width\":696,\"height\":695,\"caption\":\"Das Geheimnis des B\u00fcrgersteigs\"},\"image\":{\"@id\":\"https:\\\/\\\/sidewalkmystery.dk\\\/de\\\/#\\\/schema\\\/logo\\\/image\\\/\"},\"sameAs\":[\"https:\\\/\\\/www.facebook.com\\\/people\\\/Sidewalk-Mystery\\\/100093298703242\\\/\",\"https:\\\/\\\/www.instagram.com\\\/sidewalkmystery\\\/\"]}]}<\/script>\n<!-- \/ Yoast SEO plugin. -->","yoast_head_json":{"title":"Der Krimi im Flan\u00f8 Badehotel &amp; Spa 8 Personen - Sidewalk Mystery","description":"Im luxuri\u00f6sen Flan\u00f8 Badehotel & Spa ist alles ruhig und friedlich. Aber das wird sich bald \u00e4ndern, denn unter Ihnen l\u00e4uft ein M\u00f6rder frei herum. Sind Sie es oder ein Mitspieler?","robots":{"index":"index","follow":"follow","max-snippet":"max-snippet:-1","max-image-preview":"max-image-preview:large","max-video-preview":"max-video-preview:-1"},"canonical":"https:\/\/sidewalkmystery.dk\/de\/mord-krimis\/der-krimi-im-flano-badehotel-spa-2\/","og_locale":"de_DE","og_type":"article","og_title":"Der Krimi im Flan\u00f8 Badehotel &amp; Spa 8 Personen - Sidewalk Mystery","og_description":"Im luxuri\u00f6sen Flan\u00f8 Badehotel & Spa ist alles ruhig und friedlich. Aber das wird sich bald \u00e4ndern, denn unter Ihnen l\u00e4uft ein M\u00f6rder frei herum. Sind Sie es oder ein Mitspieler?","og_url":"https:\/\/sidewalkmystery.dk\/de\/mord-krimis\/der-krimi-im-flano-badehotel-spa-2\/","og_site_name":"Sidewalk Mystery","article_publisher":"https:\/\/www.facebook.com\/people\/Sidewalk-Mystery\/100093298703242\/","article_modified_time":"2026-04-23T09:29:57+00:00","og_image":[{"width":1024,"height":423,"url":"https:\/\/sidewalkmystery.dk\/wp-content\/uploads\/2024\/08\/Mord-paa-Badehotellet-8-personer.webp","type":"image\/webp"}],"twitter_card":"summary_large_image","twitter_misc":{"Gesch\u00e4tzte Lesezeit":"3\u00a0Minute"},"schema":{"@context":"https:\/\/schema.org","@graph":[{"@type":"WebPage","@id":"https:\/\/sidewalkmystery.dk\/de\/mord-krimis\/der-krimi-im-flano-badehotel-spa-2\/","url":"https:\/\/sidewalkmystery.dk\/de\/mord-krimis\/der-krimi-im-flano-badehotel-spa-2\/","name":"Der Krimi im Flan\u00f8 Badehotel &amp; Spa 8 Personen - Sidewalk Mystery","isPartOf":{"@id":"https:\/\/sidewalkmystery.dk\/de\/#website"},"primaryImageOfPage":{"@id":"https:\/\/sidewalkmystery.dk\/de\/mord-krimis\/der-krimi-im-flano-badehotel-spa-2\/#primaryimage"},"image":{"@id":"https:\/\/sidewalkmystery.dk\/de\/mord-krimis\/der-krimi-im-flano-badehotel-spa-2\/#primaryimage"},"thumbnailUrl":"https:\/\/sidewalkmystery.dk\/wp-content\/uploads\/2024\/08\/Mord-paa-Badehotellet-8-personer.webp","datePublished":"2024-02-23T11:23:35+00:00","dateModified":"2026-04-23T09:29:57+00:00","description":"Im luxuri\u00f6sen Flan\u00f8 Badehotel & Spa ist alles ruhig und friedlich. Aber das wird sich bald \u00e4ndern, denn unter Ihnen l\u00e4uft ein M\u00f6rder frei herum. Sind Sie es oder ein Mitspieler?","breadcrumb":{"@id":"https:\/\/sidewalkmystery.dk\/de\/mord-krimis\/der-krimi-im-flano-badehotel-spa-2\/#breadcrumb"},"inLanguage":"de","potentialAction":[{"@type":"ReadAction","target":["https:\/\/sidewalkmystery.dk\/de\/mord-krimis\/der-krimi-im-flano-badehotel-spa-2\/"]}]},{"@type":"ImageObject","inLanguage":"de","@id":"https:\/\/sidewalkmystery.dk\/de\/mord-krimis\/der-krimi-im-flano-badehotel-spa-2\/#primaryimage","url":"https:\/\/sidewalkmystery.dk\/wp-content\/uploads\/2024\/08\/Mord-paa-Badehotellet-8-personer.webp","contentUrl":"https:\/\/sidewalkmystery.dk\/wp-content\/uploads\/2024\/08\/Mord-paa-Badehotellet-8-personer.webp","width":1024,"height":423},{"@type":"BreadcrumbList","@id":"https:\/\/sidewalkmystery.dk\/de\/mord-krimis\/der-krimi-im-flano-badehotel-spa-2\/#breadcrumb","itemListElement":[{"@type":"ListItem","position":1,"name":"Home","item":"https:\/\/sidewalkmystery.dk\/de\/5261-2\/"},{"@type":"ListItem","position":2,"name":"Mord Krimis","item":"https:\/\/sidewalkmystery.dk\/de\/mord-krimis\/"},{"@type":"ListItem","position":3,"name":"Der Krimi im Flan\u00f8 Badehotel &amp; Spa 8 Personen"}]},{"@type":"WebSite","@id":"https:\/\/sidewalkmystery.dk\/de\/#website","url":"https:\/\/sidewalkmystery.dk\/de\/","name":"Sidewalk Mystery","description":"- tr\u00e6d ind i historien.","publisher":{"@id":"https:\/\/sidewalkmystery.dk\/de\/#organization"},"potentialAction":[{"@type":"SearchAction","target":{"@type":"EntryPoint","urlTemplate":"https:\/\/sidewalkmystery.dk\/de\/?s={search_term_string}"},"query-input":{"@type":"PropertyValueSpecification","valueRequired":true,"valueName":"search_term_string"}}],"inLanguage":"de"},{"@type":"Organization","@id":"https:\/\/sidewalkmystery.dk\/de\/#organization","name":"Das Geheimnis des B\u00fcrgersteigs","url":"https:\/\/sidewalkmystery.dk\/de\/","logo":{"@type":"ImageObject","inLanguage":"de","@id":"https:\/\/sidewalkmystery.dk\/de\/#\/schema\/logo\/image\/","url":"https:\/\/sidewalkmystery.dk\/wp-content\/uploads\/2024\/10\/Sidewalk-Mystery-1-1-696.webp","contentUrl":"https:\/\/sidewalkmystery.dk\/wp-content\/uploads\/2024\/10\/Sidewalk-Mystery-1-1-696.webp","width":696,"height":695,"caption":"Das Geheimnis des B\u00fcrgersteigs"},"image":{"@id":"https:\/\/sidewalkmystery.dk\/de\/#\/schema\/logo\/image\/"},"sameAs":["https:\/\/www.facebook.com\/people\/Sidewalk-Mystery\/100093298703242\/","https:\/\/www.instagram.com\/sidewalkmystery\/"]}]}},"_links":{"self":[{"href":"https:\/\/sidewalkmystery.dk\/de\/wp-json\/wp\/v2\/pages\/5269","targetHints":{"allow":["GET"]}}],"collection":[{"href":"https:\/\/sidewalkmystery.dk\/de\/wp-json\/wp\/v2\/pages"}],"about":[{"href":"https:\/\/sidewalkmystery.dk\/de\/wp-json\/wp\/v2\/types\/page"}],"author":[{"embeddable":true,"href":"https:\/\/sidewalkmystery.dk\/de\/wp-json\/wp\/v2\/users\/5"}],"replies":[{"embeddable":true,"href":"https:\/\/sidewalkmystery.dk\/de\/wp-json\/wp\/v2\/comments?post=5269"}],"version-history":[{"count":3,"href":"https:\/\/sidewalkmystery.dk\/de\/wp-json\/wp\/v2\/pages\/5269\/revisions"}],"predecessor-version":[{"id":10841,"href":"https:\/\/sidewalkmystery.dk\/de\/wp-json\/wp\/v2\/pages\/5269\/revisions\/10841"}],"up":[{"embeddable":true,"href":"https:\/\/sidewalkmystery.dk\/de\/wp-json\/wp\/v2\/pages\/5125"}],"wp:featuredmedia":[{"embeddable":true,"href":"https:\/\/sidewalkmystery.dk\/de\/wp-json\/wp\/v2\/media\/5273"}],"wp:attachment":[{"href":"https:\/\/sidewalkmystery.dk\/de\/wp-json\/wp\/v2\/media?parent=5269"}],"wp:term":[{"taxonomy":"category","embeddable":true,"href":"https:\/\/sidewalkmystery.dk\/de\/wp-json\/wp\/v2\/categories?post=5269"},{"taxonomy":"post_tag","embeddable":true,"href":"https:\/\/sidewalkmystery.dk\/de\/wp-json\/wp\/v2\/tags?post=5269"}],"curies":[{"name":"wp","href":"https:\/\/api.w.org\/{rel}","templated":true}]}}